{"id":22,"date":"2015-06-03T00:11:04","date_gmt":"2015-06-02T23:11:04","guid":{"rendered":"http:\/\/www.krb-kamna.cz\/?page_id=22"},"modified":"2022-04-07T15:30:44","modified_gmt":"2022-04-07T14:30:44","slug":"home","status":"publish","type":"page","link":"https:\/\/www.krb-kamna.cz\/","title":{"rendered":"O n\u00e1s"},"content":{"rendered":"\n<p><\/p>\n\n\n\n<p>Mobil: <strong>603 542 409<\/strong>, e-mail:&nbsp;<strong><a href=\"mailto:info@krb-kamna.cz\">info@krb-kamna.cz<\/a><\/strong><\/p>\n\n\n\n<p class=\"has-text-align-left\"><a href=\"http:\/\/www.krb-kamna.cz\/wp-content\/uploads\/2018\/05\/Podm\u00ednky-zpracov\u00e1n\u00ed-osobn\u00edch-\u00fadaj\u016f-Krby-Mol\u010dan.pdf\">Podm\u00ednky zpracov\u00e1n\u00ed osobn\u00edch \u00fadaj\u016f.<\/a><\/p>\n","protected":false},"excerpt":{"rendered":"<p>Mobil: 603 542 409, e-mail:&nbsp;info@krb-kamna.cz Podm\u00ednky zpracov\u00e1n\u00ed osobn\u00edch \u00fadaj\u016f.<\/p>\n","protected":false},"author":2,"featured_media":0,"parent":0,"menu_order":0,"comment_status":"closed","ping_status":"closed","template":"","meta":{"ngg_post_thumbnail":0,"_et_pb_use_builder":"off","_et_pb_old_content":"<!-- wp:paragraph -->\n<p><strong>BEZPLATN\u00c1 KONZULTACE A ZAM\u011a\u0158EN\u00cd P\u0158\u00cdMO U V\u00c1S:<\/strong><\/p>\n<!-- \/wp:paragraph -->\n\n<!-- wp:paragraph -->\n<p>Mobil: <strong>603 542 409<\/strong>, e-mail:&nbsp;<strong><a href=\"mailto:info@krb-kamna.cz\">info@krb-kamna.cz<\/a><\/strong><\/p>\n<!-- \/wp:paragraph -->\n\n<!-- wp:paragraph {\"align\":\"left\"} -->\n<p class=\"has-text-align-left\"><a href=\"http:\/\/www.krb-kamna.cz\/wp-content\/uploads\/2018\/05\/Podm\u00ednky-zpracov\u00e1n\u00ed-osobn\u00edch-\u00fadaj\u016f-Krby-Mol\u010dan.pdf\">Podm\u00ednky zpracov\u00e1n\u00ed osobn\u00edch \u00fadaj\u016f.<\/a><\/p>\n<!-- \/wp:paragraph -->","_et_gb_content_width":"","_links_to":"","_links_to_target":""},"_links":{"self":[{"href":"https:\/\/www.krb-kamna.cz\/index.php\/wp-json\/wp\/v2\/pages\/22"}],"collection":[{"href":"https:\/\/www.krb-kamna.cz\/index.php\/wp-json\/wp\/v2\/pages"}],"about":[{"href":"https:\/\/www.krb-kamna.cz\/index.php\/wp-json\/wp\/v2\/types\/page"}],"author":[{"embeddable":true,"href":"https:\/\/www.krb-kamna.cz\/index.php\/wp-json\/wp\/v2\/users\/2"}],"replies":[{"embeddable":true,"href":"https:\/\/www.krb-kamna.cz\/index.php\/wp-json\/wp\/v2\/comments?post=22"}],"version-history":[{"count":5,"href":"https:\/\/www.krb-kamna.cz\/index.php\/wp-json\/wp\/v2\/pages\/22\/revisions"}],"predecessor-version":[{"id":2256,"href":"https:\/\/www.krb-kamna.cz\/index.php\/wp-json\/wp\/v2\/pages\/22\/revisions\/2256"}],"wp:attachment":[{"href":"https:\/\/www.krb-kamna.cz\/index.php\/wp-json\/wp\/v2\/media?parent=22"}],"curies":[{"name":"wp","href":"https:\/\/api.w.org\/{rel}","templated":true}]}}