{"id":1466,"date":"2017-01-29T15:47:13","date_gmt":"2017-01-29T14:47:13","guid":{"rendered":"http:\/\/www.krb-kamna.cz\/?page_id=1466"},"modified":"2017-01-29T15:59:59","modified_gmt":"2017-01-29T14:59:59","slug":"tristranne-2","status":"publish","type":"page","link":"https:\/\/www.krb-kamna.cz\/index.php\/tristranne-2\/","title":{"rendered":"T\u0159\u00edstrann\u00e9"},"content":{"rendered":"<div id='gallery-1' class='czr-gallery row flex-row czr-gallery-style gallery galleryid-1466 gallery-columns-3 gallery-size-medium'><figure class='gallery-item col col-auto'>\r\n                        <div class='gallery-icon portrait czr-gallery-icon'>\r\n                              <a data-lb-type=\"grouped-gallery\" href=https:\/\/www.krb-kamna.cz\/wp-content\/uploads\/2017\/01\/sigma-c-s-bez-ramu.jpg class=\"bg-link\"><\/a><img width=\"200\" height=\"300\" src=\"https:\/\/www.krb-kamna.cz\/wp-content\/uploads\/2017\/01\/sigma-c-s-bez-ramu-200x300.jpg\" class=\"attachment-medium size-medium\" alt=\"\" loading=\"lazy\" sizes=\"(min-width: 1200px) 350px, (min-width: 992px) 290px, (min-width: 768px) 210px, (min-width: 576px) 150px, calc( 50vw - 30px )\" srcset=\"https:\/\/www.krb-kamna.cz\/wp-content\/uploads\/2017\/01\/sigma-c-s-bez-ramu-200x300.jpg 200w, https:\/\/www.krb-kamna.cz\/wp-content\/uploads\/2017\/01\/sigma-c-s-bez-ramu.jpg 400w\" \/>\r\n                        <\/div><\/figure>\r\n                  <\/div>\n\n","protected":false},"excerpt":{"rendered":"","protected":false},"author":2,"featured_media":0,"parent":0,"menu_order":0,"comment_status":"closed","ping_status":"closed","template":"","meta":{"ngg_post_thumbnail":0,"_et_pb_use_builder":"","_et_pb_old_content":"","_et_gb_content_width":"","_links_to":"","_links_to_target":""},"_links":{"self":[{"href":"https:\/\/www.krb-kamna.cz\/index.php\/wp-json\/wp\/v2\/pages\/1466"}],"collection":[{"href":"https:\/\/www.krb-kamna.cz\/index.php\/wp-json\/wp\/v2\/pages"}],"about":[{"href":"https:\/\/www.krb-kamna.cz\/index.php\/wp-json\/wp\/v2\/types\/page"}],"author":[{"embeddable":true,"href":"https:\/\/www.krb-kamna.cz\/index.php\/wp-json\/wp\/v2\/users\/2"}],"replies":[{"embeddable":true,"href":"https:\/\/www.krb-kamna.cz\/index.php\/wp-json\/wp\/v2\/comments?post=1466"}],"version-history":[{"count":2,"href":"https:\/\/www.krb-kamna.cz\/index.php\/wp-json\/wp\/v2\/pages\/1466\/revisions"}],"predecessor-version":[{"id":1506,"href":"https:\/\/www.krb-kamna.cz\/index.php\/wp-json\/wp\/v2\/pages\/1466\/revisions\/1506"}],"wp:attachment":[{"href":"https:\/\/www.krb-kamna.cz\/index.php\/wp-json\/wp\/v2\/media?parent=1466"}],"curies":[{"name":"wp","href":"https:\/\/api.w.org\/{rel}","templated":true}]}}