{"id":1005,"date":"2017-01-11T00:58:28","date_gmt":"2017-01-10T23:58:28","guid":{"rendered":"http:\/\/www.krb-kamna.cz\/?page_id=1005"},"modified":"2017-01-11T01:22:15","modified_gmt":"2017-01-11T00:22:15","slug":"tristranne","status":"publish","type":"page","link":"https:\/\/www.krb-kamna.cz\/index.php\/tristranne\/","title":{"rendered":"T\u0159\u00edstrann\u00e9"},"content":{"rendered":"<div id='gallery-1' class='czr-gallery row flex-row czr-gallery-style gallery galleryid-1005 gallery-columns-3 gallery-size-thumbnail'><figure class='gallery-item col col-auto'>\r\n                        <div class='gallery-icon portrait czr-gallery-icon'>\r\n                              <a data-lb-type=\"grouped-gallery\" href=https:\/\/www.krb-kamna.cz\/wp-content\/uploads\/2017\/01\/Krbova-vlozka-550_30_175_x_131.jpg class=\"bg-link\"><\/a><img width=\"131\" height=\"150\" src=\"https:\/\/www.krb-kamna.cz\/wp-content\/uploads\/2017\/01\/Krbova-vlozka-550_30_175_x_131-131x150.jpg\" class=\"attachment-thumbnail size-thumbnail\" alt=\"\" loading=\"lazy\" sizes=\"(min-width: 1200px) 350px, (min-width: 992px) 290px, (min-width: 768px) 210px, (min-width: 576px) 150px, calc( 50vw - 30px )\" \/>\r\n                        <\/div><\/figure><figure class='gallery-item col col-auto'>\r\n                        <div class='gallery-icon portrait czr-gallery-icon'>\r\n                              <a data-lb-type=\"grouped-gallery\" href=https:\/\/www.krb-kamna.cz\/wp-content\/uploads\/2017\/01\/Krbova-vlozka-550-30-LH_b_175_x_131.jpg class=\"bg-link\"><\/a><img width=\"131\" height=\"150\" src=\"https:\/\/www.krb-kamna.cz\/wp-content\/uploads\/2017\/01\/Krbova-vlozka-550-30-LH_b_175_x_131-131x150.jpg\" class=\"attachment-thumbnail size-thumbnail\" alt=\"\" loading=\"lazy\" sizes=\"(min-width: 1200px) 350px, (min-width: 992px) 290px, (min-width: 768px) 210px, (min-width: 576px) 150px, calc( 50vw - 30px )\" \/>\r\n                        <\/div><\/figure><figure class='gallery-item col col-auto'>\r\n                        <div class='gallery-icon portrait czr-gallery-icon'>\r\n                              <a data-lb-type=\"grouped-gallery\" href=https:\/\/www.krb-kamna.cz\/wp-content\/uploads\/2017\/01\/Krbova-vlozka-Hark-550-30-60-50-55-h_175_x_131.jpg class=\"bg-link\"><\/a><img width=\"131\" height=\"150\" src=\"https:\/\/www.krb-kamna.cz\/wp-content\/uploads\/2017\/01\/Krbova-vlozka-Hark-550-30-60-50-55-h_175_x_131-131x150.jpg\" class=\"attachment-thumbnail size-thumbnail\" alt=\"\" loading=\"lazy\" sizes=\"(min-width: 1200px) 350px, (min-width: 992px) 290px, (min-width: 768px) 210px, (min-width: 576px) 150px, calc( 50vw - 30px )\" \/>\r\n                        <\/div><\/figure><figure class='gallery-item col col-auto'>\r\n                        <div class='gallery-icon portrait czr-gallery-icon'>\r\n                              <a data-lb-type=\"grouped-gallery\" href=https:\/\/www.krb-kamna.cz\/wp-content\/uploads\/2017\/01\/Krbova-vlozka-hark-radiante-550-30-48-66-29-B_175_x_131.jpg class=\"bg-link\"><\/a><img width=\"131\" height=\"150\" src=\"https:\/\/www.krb-kamna.cz\/wp-content\/uploads\/2017\/01\/Krbova-vlozka-hark-radiante-550-30-48-66-29-B_175_x_131-131x150.jpg\" class=\"attachment-thumbnail size-thumbnail\" alt=\"\" loading=\"lazy\" sizes=\"(min-width: 1200px) 350px, (min-width: 992px) 290px, (min-width: 768px) 210px, (min-width: 576px) 150px, calc( 50vw - 30px )\" \/>\r\n                        <\/div><\/figure><figure class='gallery-item col col-auto'>\r\n                        <div class='gallery-icon portrait czr-gallery-icon'>\r\n                              <a data-lb-type=\"grouped-gallery\" href=https:\/\/www.krb-kamna.cz\/wp-content\/uploads\/2017\/01\/Krbova-vlozka-hark-radiante-550-30-60-66-29-h-450_600_175_x_131.jpg class=\"bg-link\"><\/a><img width=\"131\" height=\"150\" src=\"https:\/\/www.krb-kamna.cz\/wp-content\/uploads\/2017\/01\/Krbova-vlozka-hark-radiante-550-30-60-66-29-h-450_600_175_x_131-131x150.jpg\" class=\"attachment-thumbnail size-thumbnail\" alt=\"\" loading=\"lazy\" sizes=\"(min-width: 1200px) 350px, (min-width: 992px) 290px, (min-width: 768px) 210px, (min-width: 576px) 150px, calc( 50vw - 30px )\" \/>\r\n                        <\/div><\/figure><figure class='gallery-item col col-auto'>\r\n                        <div class='gallery-icon portrait czr-gallery-icon'>\r\n                              <a data-lb-type=\"grouped-gallery\" href=https:\/\/www.krb-kamna.cz\/wp-content\/uploads\/2017\/01\/Radiante-450-30-k-ecoplus_175_x_131.jpg class=\"bg-link\"><\/a><img width=\"131\" height=\"150\" src=\"https:\/\/www.krb-kamna.cz\/wp-content\/uploads\/2017\/01\/Radiante-450-30-k-ecoplus_175_x_131-131x150.jpg\" class=\"attachment-thumbnail size-thumbnail\" alt=\"\" loading=\"lazy\" sizes=\"(min-width: 1200px) 350px, (min-width: 992px) 290px, (min-width: 768px) 210px, (min-width: 576px) 150px, calc( 50vw - 30px )\" \/>\r\n                        <\/div><\/figure>\r\n                  <\/div>\n\n","protected":false},"excerpt":{"rendered":"","protected":false},"author":2,"featured_media":0,"parent":0,"menu_order":0,"comment_status":"closed","ping_status":"closed","template":"","meta":{"ngg_post_thumbnail":0,"_et_pb_use_builder":"","_et_pb_old_content":"","_et_gb_content_width":"","_links_to":"","_links_to_target":""},"_links":{"self":[{"href":"https:\/\/www.krb-kamna.cz\/index.php\/wp-json\/wp\/v2\/pages\/1005"}],"collection":[{"href":"https:\/\/www.krb-kamna.cz\/index.php\/wp-json\/wp\/v2\/pages"}],"about":[{"href":"https:\/\/www.krb-kamna.cz\/index.php\/wp-json\/wp\/v2\/types\/page"}],"author":[{"embeddable":true,"href":"https:\/\/www.krb-kamna.cz\/index.php\/wp-json\/wp\/v2\/users\/2"}],"replies":[{"embeddable":true,"href":"https:\/\/www.krb-kamna.cz\/index.php\/wp-json\/wp\/v2\/comments?post=1005"}],"version-history":[{"count":3,"href":"https:\/\/www.krb-kamna.cz\/index.php\/wp-json\/wp\/v2\/pages\/1005\/revisions"}],"predecessor-version":[{"id":1081,"href":"https:\/\/www.krb-kamna.cz\/index.php\/wp-json\/wp\/v2\/pages\/1005\/revisions\/1081"}],"wp:attachment":[{"href":"https:\/\/www.krb-kamna.cz\/index.php\/wp-json\/wp\/v2\/media?parent=1005"}],"curies":[{"name":"wp","href":"https:\/\/api.w.org\/{rel}","templated":true}]}}